{"id":797,"date":"2019-11-17T17:09:56","date_gmt":"2019-11-17T16:09:56","guid":{"rendered":"https:\/\/duomo-milan-tilckets.com\/ticket-parc-guell\/"},"modified":"2026-03-03T19:31:38","modified_gmt":"2026-03-03T18:31:38","slug":"bilhete-duomo-milao","status":"publish","type":"page","link":"https:\/\/duomo-milan-tilckets.com\/pt-pt\/","title":{"rendered":"Bilhete Duomo Mil\u00e3o"},"content":{"rendered":"","protected":false},"excerpt":{"rendered":"","protected":false},"author":3,"featured_media":1692,"parent":0,"menu_order":0,"comment_status":"closed","ping_status":"closed","template":"templates\/template-home.php","meta":{"_acf_changed":false,"footnotes":""},"class_list":["post-797","page","type-page","status-publish","has-post-thumbnail","hentry"],"acf":[],"yoast_head":"<!-- This site is optimized with the Yoast SEO plugin v27.3 - https:\/\/yoast.com\/product\/yoast-seo-wordpress\/ -->\n<title>Bilhete Duomo Mil\u00e3o | Visite a Catedral, hor\u00e1rios e como chegar.<\/title>\n<meta name=\"description\" content=\"Reserve seu bilhete Duomo Mil\u00e3o com a tilckets. A Catedral fica na Piazza del Duomo.Hor\u00e1rios, acesso, mapa e dicas de visita.\" \/>\n<meta name=\"robots\" content=\"index, follow, max-snippet:-1, max-image-preview:large, max-video-preview:-1\" \/>\n<link rel=\"canonical\" href=\"https:\/\/duomo-milan-tilckets.com\/pt-pt\/\" \/>\n<script type=\"application\/ld+json\" class=\"yoast-schema-graph\">{\"@context\":\"https:\\\/\\\/schema.org\",\"@graph\":[{\"@type\":\"WebPage\",\"@id\":\"https:\\\/\\\/duomo-milan-tilckets.com\\\/pt-pt\\\/\",\"url\":\"https:\\\/\\\/duomo-milan-tilckets.com\\\/pt-pt\\\/\",\"name\":\"Bilhete Duomo Mil\u00e3o | Visite a Catedral, hor\u00e1rios e como chegar.\",\"isPartOf\":{\"@id\":\"https:\\\/\\\/duomo-milan-tilckets.com\\\/#website\"},\"primaryImageOfPage\":{\"@id\":\"https:\\\/\\\/duomo-milan-tilckets.com\\\/pt-pt\\\/#primaryimage\"},\"image\":{\"@id\":\"https:\\\/\\\/duomo-milan-tilckets.com\\\/pt-pt\\\/#primaryimage\"},\"thumbnailUrl\":\"https:\\\/\\\/duomo-milan-tilckets.com\\\/wp-content\\\/uploads\\\/2022\\\/08\\\/ticket-duomo-milan.jpg\",\"datePublished\":\"2019-11-17T16:09:56+00:00\",\"dateModified\":\"2026-03-03T18:31:38+00:00\",\"description\":\"Reserve seu bilhete Duomo Mil\u00e3o com a tilckets. A Catedral fica na Piazza del Duomo.Hor\u00e1rios, acesso, mapa e dicas de visita.\",\"breadcrumb\":{\"@id\":\"https:\\\/\\\/duomo-milan-tilckets.com\\\/pt-pt\\\/#breadcrumb\"},\"inLanguage\":\"pt-PT\",\"potentialAction\":[{\"@type\":\"ReadAction\",\"target\":[\"https:\\\/\\\/duomo-milan-tilckets.com\\\/pt-pt\\\/\"]}]},{\"@type\":\"ImageObject\",\"inLanguage\":\"pt-PT\",\"@id\":\"https:\\\/\\\/duomo-milan-tilckets.com\\\/pt-pt\\\/#primaryimage\",\"url\":\"https:\\\/\\\/duomo-milan-tilckets.com\\\/wp-content\\\/uploads\\\/2022\\\/08\\\/ticket-duomo-milan.jpg\",\"contentUrl\":\"https:\\\/\\\/duomo-milan-tilckets.com\\\/wp-content\\\/uploads\\\/2022\\\/08\\\/ticket-duomo-milan.jpg\",\"width\":1440,\"height\":810,\"caption\":\"Duomo Mil\u00e3o\"},{\"@type\":\"BreadcrumbList\",\"@id\":\"https:\\\/\\\/duomo-milan-tilckets.com\\\/pt-pt\\\/#breadcrumb\",\"itemListElement\":[{\"@type\":\"ListItem\",\"position\":1,\"name\":\"Accueil\",\"item\":\"https:\\\/\\\/duomo-milan-tilckets.com\\\/pt-pt\\\/\"},{\"@type\":\"ListItem\",\"position\":2,\"name\":\"Bilhete Duomo Mil\u00e3o\"}]},{\"@type\":\"WebSite\",\"@id\":\"https:\\\/\\\/duomo-milan-tilckets.com\\\/#website\",\"url\":\"https:\\\/\\\/duomo-milan-tilckets.com\\\/\",\"name\":\"Online ticketing service provider\",\"description\":\"D\u00e9couvrez l&#039;incontournable Cath\u00e9drale de Milan\",\"potentialAction\":[{\"@type\":\"SearchAction\",\"target\":{\"@type\":\"EntryPoint\",\"urlTemplate\":\"https:\\\/\\\/duomo-milan-tilckets.com\\\/?s={search_term_string}\"},\"query-input\":{\"@type\":\"PropertyValueSpecification\",\"valueRequired\":true,\"valueName\":\"search_term_string\"}}],\"inLanguage\":\"pt-PT\"}]}<\/script>\n<!-- \/ Yoast SEO plugin. -->","yoast_head_json":{"title":"Bilhete Duomo Mil\u00e3o | Visite a Catedral, hor\u00e1rios e como chegar.","description":"Reserve seu bilhete Duomo Mil\u00e3o com a tilckets. A Catedral fica na Piazza del Duomo.Hor\u00e1rios, acesso, mapa e dicas de visita.","robots":{"index":"index","follow":"follow","max-snippet":"max-snippet:-1","max-image-preview":"max-image-preview:large","max-video-preview":"max-video-preview:-1"},"canonical":"https:\/\/duomo-milan-tilckets.com\/pt-pt\/","schema":{"@context":"https:\/\/schema.org","@graph":[{"@type":"WebPage","@id":"https:\/\/duomo-milan-tilckets.com\/pt-pt\/","url":"https:\/\/duomo-milan-tilckets.com\/pt-pt\/","name":"Bilhete Duomo Mil\u00e3o | Visite a Catedral, hor\u00e1rios e como chegar.","isPartOf":{"@id":"https:\/\/duomo-milan-tilckets.com\/#website"},"primaryImageOfPage":{"@id":"https:\/\/duomo-milan-tilckets.com\/pt-pt\/#primaryimage"},"image":{"@id":"https:\/\/duomo-milan-tilckets.com\/pt-pt\/#primaryimage"},"thumbnailUrl":"https:\/\/duomo-milan-tilckets.com\/wp-content\/uploads\/2022\/08\/ticket-duomo-milan.jpg","datePublished":"2019-11-17T16:09:56+00:00","dateModified":"2026-03-03T18:31:38+00:00","description":"Reserve seu bilhete Duomo Mil\u00e3o com a tilckets. A Catedral fica na Piazza del Duomo.Hor\u00e1rios, acesso, mapa e dicas de visita.","breadcrumb":{"@id":"https:\/\/duomo-milan-tilckets.com\/pt-pt\/#breadcrumb"},"inLanguage":"pt-PT","potentialAction":[{"@type":"ReadAction","target":["https:\/\/duomo-milan-tilckets.com\/pt-pt\/"]}]},{"@type":"ImageObject","inLanguage":"pt-PT","@id":"https:\/\/duomo-milan-tilckets.com\/pt-pt\/#primaryimage","url":"https:\/\/duomo-milan-tilckets.com\/wp-content\/uploads\/2022\/08\/ticket-duomo-milan.jpg","contentUrl":"https:\/\/duomo-milan-tilckets.com\/wp-content\/uploads\/2022\/08\/ticket-duomo-milan.jpg","width":1440,"height":810,"caption":"Duomo Mil\u00e3o"},{"@type":"BreadcrumbList","@id":"https:\/\/duomo-milan-tilckets.com\/pt-pt\/#breadcrumb","itemListElement":[{"@type":"ListItem","position":1,"name":"Accueil","item":"https:\/\/duomo-milan-tilckets.com\/pt-pt\/"},{"@type":"ListItem","position":2,"name":"Bilhete Duomo Mil\u00e3o"}]},{"@type":"WebSite","@id":"https:\/\/duomo-milan-tilckets.com\/#website","url":"https:\/\/duomo-milan-tilckets.com\/","name":"Online ticketing service provider","description":"D\u00e9couvrez l&#039;incontournable Cath\u00e9drale de Milan","potentialAction":[{"@type":"SearchAction","target":{"@type":"EntryPoint","urlTemplate":"https:\/\/duomo-milan-tilckets.com\/?s={search_term_string}"},"query-input":{"@type":"PropertyValueSpecification","valueRequired":true,"valueName":"search_term_string"}}],"inLanguage":"pt-PT"}]}},"_links":{"self":[{"href":"https:\/\/duomo-milan-tilckets.com\/pt-pt\/wp-json\/wp\/v2\/pages\/797","targetHints":{"allow":["GET"]}}],"collection":[{"href":"https:\/\/duomo-milan-tilckets.com\/pt-pt\/wp-json\/wp\/v2\/pages"}],"about":[{"href":"https:\/\/duomo-milan-tilckets.com\/pt-pt\/wp-json\/wp\/v2\/types\/page"}],"author":[{"embeddable":true,"href":"https:\/\/duomo-milan-tilckets.com\/pt-pt\/wp-json\/wp\/v2\/users\/3"}],"replies":[{"embeddable":true,"href":"https:\/\/duomo-milan-tilckets.com\/pt-pt\/wp-json\/wp\/v2\/comments?post=797"}],"version-history":[{"count":142,"href":"https:\/\/duomo-milan-tilckets.com\/pt-pt\/wp-json\/wp\/v2\/pages\/797\/revisions"}],"predecessor-version":[{"id":4329,"href":"https:\/\/duomo-milan-tilckets.com\/pt-pt\/wp-json\/wp\/v2\/pages\/797\/revisions\/4329"}],"wp:featuredmedia":[{"embeddable":true,"href":"https:\/\/duomo-milan-tilckets.com\/pt-pt\/wp-json\/wp\/v2\/media\/1692"}],"wp:attachment":[{"href":"https:\/\/duomo-milan-tilckets.com\/pt-pt\/wp-json\/wp\/v2\/media?parent=797"}],"curies":[{"name":"wp","href":"https:\/\/api.w.org\/{rel}","templated":true}]}}