{"id":2886,"date":"2019-11-17T17:09:56","date_gmt":"2019-11-17T16:09:56","guid":{"rendered":"https:\/\/duomo-milan-tilckets.com\/aquarium-de-valence\/"},"modified":"2026-03-03T19:32:33","modified_gmt":"2026-03-03T18:32:33","slug":"entrada-duomo-de-milan","status":"publish","type":"page","link":"https:\/\/duomo-milan-tilckets.com\/es\/","title":{"rendered":"Entrada Duomo de Mil\u00e1n"},"content":{"rendered":"","protected":false},"excerpt":{"rendered":"","protected":false},"author":3,"featured_media":2888,"parent":0,"menu_order":0,"comment_status":"closed","ping_status":"closed","template":"templates\/template-home.php","meta":{"_acf_changed":false,"footnotes":""},"class_list":["post-2886","page","type-page","status-publish","has-post-thumbnail","hentry"],"acf":[],"yoast_head":"<!-- This site is optimized with the Yoast SEO plugin v27.3 - https:\/\/yoast.com\/product\/yoast-seo-wordpress\/ -->\n<title>Entrada Duomo de Mil\u00e1n | Visite la Catedral y horarios.<\/title>\n<meta name=\"description\" content=\"Reserve su entrada al Duomo de Mil\u00e1n con tilckets. La Catedral est\u00e1 situada en la Piazza del Duomo.Horarios, acceso y consejos de visita.\" \/>\n<meta name=\"robots\" content=\"index, follow, max-snippet:-1, max-image-preview:large, max-video-preview:-1\" \/>\n<link rel=\"canonical\" href=\"https:\/\/duomo-milan-tilckets.com\/es\/\" \/>\n<script type=\"application\/ld+json\" class=\"yoast-schema-graph\">{\"@context\":\"https:\\\/\\\/schema.org\",\"@graph\":[{\"@type\":\"WebPage\",\"@id\":\"https:\\\/\\\/duomo-milan-tilckets.com\\\/es\\\/\",\"url\":\"https:\\\/\\\/duomo-milan-tilckets.com\\\/es\\\/\",\"name\":\"Entrada Duomo de Mil\u00e1n | Visite la Catedral y horarios.\",\"isPartOf\":{\"@id\":\"https:\\\/\\\/duomo-milan-tilckets.com\\\/#website\"},\"primaryImageOfPage\":{\"@id\":\"https:\\\/\\\/duomo-milan-tilckets.com\\\/es\\\/#primaryimage\"},\"image\":{\"@id\":\"https:\\\/\\\/duomo-milan-tilckets.com\\\/es\\\/#primaryimage\"},\"thumbnailUrl\":\"https:\\\/\\\/duomo-milan-tilckets.com\\\/wp-content\\\/uploads\\\/2022\\\/08\\\/ticket-duomo-milan.jpg\",\"datePublished\":\"2019-11-17T16:09:56+00:00\",\"dateModified\":\"2026-03-03T18:32:33+00:00\",\"description\":\"Reserve su entrada al Duomo de Mil\u00e1n con tilckets. La Catedral est\u00e1 situada en la Piazza del Duomo.Horarios, acceso y consejos de visita.\",\"breadcrumb\":{\"@id\":\"https:\\\/\\\/duomo-milan-tilckets.com\\\/es\\\/#breadcrumb\"},\"inLanguage\":\"es\",\"potentialAction\":[{\"@type\":\"ReadAction\",\"target\":[\"https:\\\/\\\/duomo-milan-tilckets.com\\\/es\\\/\"]}]},{\"@type\":\"ImageObject\",\"inLanguage\":\"es\",\"@id\":\"https:\\\/\\\/duomo-milan-tilckets.com\\\/es\\\/#primaryimage\",\"url\":\"https:\\\/\\\/duomo-milan-tilckets.com\\\/wp-content\\\/uploads\\\/2022\\\/08\\\/ticket-duomo-milan.jpg\",\"contentUrl\":\"https:\\\/\\\/duomo-milan-tilckets.com\\\/wp-content\\\/uploads\\\/2022\\\/08\\\/ticket-duomo-milan.jpg\",\"width\":1440,\"height\":810,\"caption\":\"Entrada Duomo de Mil\u00e1n\"},{\"@type\":\"BreadcrumbList\",\"@id\":\"https:\\\/\\\/duomo-milan-tilckets.com\\\/es\\\/#breadcrumb\",\"itemListElement\":[{\"@type\":\"ListItem\",\"position\":1,\"name\":\"Accueil\",\"item\":\"https:\\\/\\\/duomo-milan-tilckets.com\\\/es\\\/\"},{\"@type\":\"ListItem\",\"position\":2,\"name\":\"Entrada Duomo de Mil\u00e1n\"}]},{\"@type\":\"WebSite\",\"@id\":\"https:\\\/\\\/duomo-milan-tilckets.com\\\/#website\",\"url\":\"https:\\\/\\\/duomo-milan-tilckets.com\\\/\",\"name\":\"Online ticketing service provider\",\"description\":\"D\u00e9couvrez l&#039;incontournable Cath\u00e9drale de Milan\",\"potentialAction\":[{\"@type\":\"SearchAction\",\"target\":{\"@type\":\"EntryPoint\",\"urlTemplate\":\"https:\\\/\\\/duomo-milan-tilckets.com\\\/?s={search_term_string}\"},\"query-input\":{\"@type\":\"PropertyValueSpecification\",\"valueRequired\":true,\"valueName\":\"search_term_string\"}}],\"inLanguage\":\"es\"}]}<\/script>\n<!-- \/ Yoast SEO plugin. -->","yoast_head_json":{"title":"Entrada Duomo de Mil\u00e1n | Visite la Catedral y horarios.","description":"Reserve su entrada al Duomo de Mil\u00e1n con tilckets. La Catedral est\u00e1 situada en la Piazza del Duomo.Horarios, acceso y consejos de visita.","robots":{"index":"index","follow":"follow","max-snippet":"max-snippet:-1","max-image-preview":"max-image-preview:large","max-video-preview":"max-video-preview:-1"},"canonical":"https:\/\/duomo-milan-tilckets.com\/es\/","schema":{"@context":"https:\/\/schema.org","@graph":[{"@type":"WebPage","@id":"https:\/\/duomo-milan-tilckets.com\/es\/","url":"https:\/\/duomo-milan-tilckets.com\/es\/","name":"Entrada Duomo de Mil\u00e1n | Visite la Catedral y horarios.","isPartOf":{"@id":"https:\/\/duomo-milan-tilckets.com\/#website"},"primaryImageOfPage":{"@id":"https:\/\/duomo-milan-tilckets.com\/es\/#primaryimage"},"image":{"@id":"https:\/\/duomo-milan-tilckets.com\/es\/#primaryimage"},"thumbnailUrl":"https:\/\/duomo-milan-tilckets.com\/wp-content\/uploads\/2022\/08\/ticket-duomo-milan.jpg","datePublished":"2019-11-17T16:09:56+00:00","dateModified":"2026-03-03T18:32:33+00:00","description":"Reserve su entrada al Duomo de Mil\u00e1n con tilckets. La Catedral est\u00e1 situada en la Piazza del Duomo.Horarios, acceso y consejos de visita.","breadcrumb":{"@id":"https:\/\/duomo-milan-tilckets.com\/es\/#breadcrumb"},"inLanguage":"es","potentialAction":[{"@type":"ReadAction","target":["https:\/\/duomo-milan-tilckets.com\/es\/"]}]},{"@type":"ImageObject","inLanguage":"es","@id":"https:\/\/duomo-milan-tilckets.com\/es\/#primaryimage","url":"https:\/\/duomo-milan-tilckets.com\/wp-content\/uploads\/2022\/08\/ticket-duomo-milan.jpg","contentUrl":"https:\/\/duomo-milan-tilckets.com\/wp-content\/uploads\/2022\/08\/ticket-duomo-milan.jpg","width":1440,"height":810,"caption":"Entrada Duomo de Mil\u00e1n"},{"@type":"BreadcrumbList","@id":"https:\/\/duomo-milan-tilckets.com\/es\/#breadcrumb","itemListElement":[{"@type":"ListItem","position":1,"name":"Accueil","item":"https:\/\/duomo-milan-tilckets.com\/es\/"},{"@type":"ListItem","position":2,"name":"Entrada Duomo de Mil\u00e1n"}]},{"@type":"WebSite","@id":"https:\/\/duomo-milan-tilckets.com\/#website","url":"https:\/\/duomo-milan-tilckets.com\/","name":"Online ticketing service provider","description":"D\u00e9couvrez l&#039;incontournable Cath\u00e9drale de Milan","potentialAction":[{"@type":"SearchAction","target":{"@type":"EntryPoint","urlTemplate":"https:\/\/duomo-milan-tilckets.com\/?s={search_term_string}"},"query-input":{"@type":"PropertyValueSpecification","valueRequired":true,"valueName":"search_term_string"}}],"inLanguage":"es"}]}},"_links":{"self":[{"href":"https:\/\/duomo-milan-tilckets.com\/es\/wp-json\/wp\/v2\/pages\/2886","targetHints":{"allow":["GET"]}}],"collection":[{"href":"https:\/\/duomo-milan-tilckets.com\/es\/wp-json\/wp\/v2\/pages"}],"about":[{"href":"https:\/\/duomo-milan-tilckets.com\/es\/wp-json\/wp\/v2\/types\/page"}],"author":[{"embeddable":true,"href":"https:\/\/duomo-milan-tilckets.com\/es\/wp-json\/wp\/v2\/users\/3"}],"replies":[{"embeddable":true,"href":"https:\/\/duomo-milan-tilckets.com\/es\/wp-json\/wp\/v2\/comments?post=2886"}],"version-history":[{"count":43,"href":"https:\/\/duomo-milan-tilckets.com\/es\/wp-json\/wp\/v2\/pages\/2886\/revisions"}],"predecessor-version":[{"id":4331,"href":"https:\/\/duomo-milan-tilckets.com\/es\/wp-json\/wp\/v2\/pages\/2886\/revisions\/4331"}],"wp:featuredmedia":[{"embeddable":true,"href":"https:\/\/duomo-milan-tilckets.com\/es\/wp-json\/wp\/v2\/media\/2888"}],"wp:attachment":[{"href":"https:\/\/duomo-milan-tilckets.com\/es\/wp-json\/wp\/v2\/media?parent=2886"}],"curies":[{"name":"wp","href":"https:\/\/api.w.org\/{rel}","templated":true}]}}