{"id":543,"date":"2019-11-17T17:09:56","date_gmt":"2019-11-17T16:09:56","guid":{"rendered":"https:\/\/duomo-milan-tilckets.com\/?page_id=543"},"modified":"2026-03-03T19:30:37","modified_gmt":"2026-03-03T18:30:37","slug":"mailaender-dom-ticket","status":"publish","type":"page","link":"https:\/\/duomo-milan-tilckets.com\/de\/","title":{"rendered":"Mail\u00e4nder Dom Ticket"},"content":{"rendered":"","protected":false},"excerpt":{"rendered":"","protected":false},"author":3,"featured_media":1690,"parent":0,"menu_order":0,"comment_status":"closed","ping_status":"closed","template":"templates\/template-home.php","meta":{"_acf_changed":false,"footnotes":""},"class_list":["post-543","page","type-page","status-publish","has-post-thumbnail","hentry"],"acf":[],"yoast_head":"<!-- This site is optimized with the Yoast SEO plugin v27.3 - https:\/\/yoast.com\/product\/yoast-seo-wordpress\/ -->\n<title>Mail\u00e4nder Dom Ticket | Besuchen Sie die Kathedrale<\/title>\n<meta name=\"description\" content=\"Buchen Sie Ihr Mail\u00e4nder Dom Ticket mit tilckets. Der Dom befindet sich auf der Piazza del Duomo.\u00d6ffnungszeiten, Anfahrt.\" \/>\n<meta name=\"robots\" content=\"index, follow, max-snippet:-1, max-image-preview:large, max-video-preview:-1\" \/>\n<link rel=\"canonical\" href=\"https:\/\/duomo-milan-tilckets.com\/de\/\" \/>\n<script type=\"application\/ld+json\" class=\"yoast-schema-graph\">{\"@context\":\"https:\\\/\\\/schema.org\",\"@graph\":[{\"@type\":\"WebPage\",\"@id\":\"https:\\\/\\\/duomo-milan-tilckets.com\\\/de\\\/\",\"url\":\"https:\\\/\\\/duomo-milan-tilckets.com\\\/de\\\/\",\"name\":\"Mail\u00e4nder Dom Ticket | Besuchen Sie die Kathedrale\",\"isPartOf\":{\"@id\":\"https:\\\/\\\/duomo-milan-tilckets.com\\\/#website\"},\"primaryImageOfPage\":{\"@id\":\"https:\\\/\\\/duomo-milan-tilckets.com\\\/de\\\/#primaryimage\"},\"image\":{\"@id\":\"https:\\\/\\\/duomo-milan-tilckets.com\\\/de\\\/#primaryimage\"},\"thumbnailUrl\":\"https:\\\/\\\/duomo-milan-tilckets.com\\\/wp-content\\\/uploads\\\/2022\\\/08\\\/ticket-duomo-milan.jpg\",\"datePublished\":\"2019-11-17T16:09:56+00:00\",\"dateModified\":\"2026-03-03T18:30:37+00:00\",\"description\":\"Buchen Sie Ihr Mail\u00e4nder Dom Ticket mit tilckets. Der Dom befindet sich auf der Piazza del Duomo.\u00d6ffnungszeiten, Anfahrt.\",\"breadcrumb\":{\"@id\":\"https:\\\/\\\/duomo-milan-tilckets.com\\\/de\\\/#breadcrumb\"},\"inLanguage\":\"de\",\"potentialAction\":[{\"@type\":\"ReadAction\",\"target\":[\"https:\\\/\\\/duomo-milan-tilckets.com\\\/de\\\/\"]}]},{\"@type\":\"ImageObject\",\"inLanguage\":\"de\",\"@id\":\"https:\\\/\\\/duomo-milan-tilckets.com\\\/de\\\/#primaryimage\",\"url\":\"https:\\\/\\\/duomo-milan-tilckets.com\\\/wp-content\\\/uploads\\\/2022\\\/08\\\/ticket-duomo-milan.jpg\",\"contentUrl\":\"https:\\\/\\\/duomo-milan-tilckets.com\\\/wp-content\\\/uploads\\\/2022\\\/08\\\/ticket-duomo-milan.jpg\",\"width\":1440,\"height\":810,\"caption\":\"Mail\u00e4nder Dom Ticket\"},{\"@type\":\"BreadcrumbList\",\"@id\":\"https:\\\/\\\/duomo-milan-tilckets.com\\\/de\\\/#breadcrumb\",\"itemListElement\":[{\"@type\":\"ListItem\",\"position\":1,\"name\":\"Accueil\",\"item\":\"https:\\\/\\\/duomo-milan-tilckets.com\\\/de\\\/\"},{\"@type\":\"ListItem\",\"position\":2,\"name\":\"Mail\u00e4nder Dom Ticket\"}]},{\"@type\":\"WebSite\",\"@id\":\"https:\\\/\\\/duomo-milan-tilckets.com\\\/#website\",\"url\":\"https:\\\/\\\/duomo-milan-tilckets.com\\\/\",\"name\":\"Online ticketing service provider\",\"description\":\"D\u00e9couvrez l&#039;incontournable Cath\u00e9drale de Milan\",\"potentialAction\":[{\"@type\":\"SearchAction\",\"target\":{\"@type\":\"EntryPoint\",\"urlTemplate\":\"https:\\\/\\\/duomo-milan-tilckets.com\\\/?s={search_term_string}\"},\"query-input\":{\"@type\":\"PropertyValueSpecification\",\"valueRequired\":true,\"valueName\":\"search_term_string\"}}],\"inLanguage\":\"de\"}]}<\/script>\n<!-- \/ Yoast SEO plugin. -->","yoast_head_json":{"title":"Mail\u00e4nder Dom Ticket | Besuchen Sie die Kathedrale","description":"Buchen Sie Ihr Mail\u00e4nder Dom Ticket mit tilckets. Der Dom befindet sich auf der Piazza del Duomo.\u00d6ffnungszeiten, Anfahrt.","robots":{"index":"index","follow":"follow","max-snippet":"max-snippet:-1","max-image-preview":"max-image-preview:large","max-video-preview":"max-video-preview:-1"},"canonical":"https:\/\/duomo-milan-tilckets.com\/de\/","schema":{"@context":"https:\/\/schema.org","@graph":[{"@type":"WebPage","@id":"https:\/\/duomo-milan-tilckets.com\/de\/","url":"https:\/\/duomo-milan-tilckets.com\/de\/","name":"Mail\u00e4nder Dom Ticket | Besuchen Sie die Kathedrale","isPartOf":{"@id":"https:\/\/duomo-milan-tilckets.com\/#website"},"primaryImageOfPage":{"@id":"https:\/\/duomo-milan-tilckets.com\/de\/#primaryimage"},"image":{"@id":"https:\/\/duomo-milan-tilckets.com\/de\/#primaryimage"},"thumbnailUrl":"https:\/\/duomo-milan-tilckets.com\/wp-content\/uploads\/2022\/08\/ticket-duomo-milan.jpg","datePublished":"2019-11-17T16:09:56+00:00","dateModified":"2026-03-03T18:30:37+00:00","description":"Buchen Sie Ihr Mail\u00e4nder Dom Ticket mit tilckets. Der Dom befindet sich auf der Piazza del Duomo.\u00d6ffnungszeiten, Anfahrt.","breadcrumb":{"@id":"https:\/\/duomo-milan-tilckets.com\/de\/#breadcrumb"},"inLanguage":"de","potentialAction":[{"@type":"ReadAction","target":["https:\/\/duomo-milan-tilckets.com\/de\/"]}]},{"@type":"ImageObject","inLanguage":"de","@id":"https:\/\/duomo-milan-tilckets.com\/de\/#primaryimage","url":"https:\/\/duomo-milan-tilckets.com\/wp-content\/uploads\/2022\/08\/ticket-duomo-milan.jpg","contentUrl":"https:\/\/duomo-milan-tilckets.com\/wp-content\/uploads\/2022\/08\/ticket-duomo-milan.jpg","width":1440,"height":810,"caption":"Mail\u00e4nder Dom Ticket"},{"@type":"BreadcrumbList","@id":"https:\/\/duomo-milan-tilckets.com\/de\/#breadcrumb","itemListElement":[{"@type":"ListItem","position":1,"name":"Accueil","item":"https:\/\/duomo-milan-tilckets.com\/de\/"},{"@type":"ListItem","position":2,"name":"Mail\u00e4nder Dom Ticket"}]},{"@type":"WebSite","@id":"https:\/\/duomo-milan-tilckets.com\/#website","url":"https:\/\/duomo-milan-tilckets.com\/","name":"Online ticketing service provider","description":"D\u00e9couvrez l&#039;incontournable Cath\u00e9drale de Milan","potentialAction":[{"@type":"SearchAction","target":{"@type":"EntryPoint","urlTemplate":"https:\/\/duomo-milan-tilckets.com\/?s={search_term_string}"},"query-input":{"@type":"PropertyValueSpecification","valueRequired":true,"valueName":"search_term_string"}}],"inLanguage":"de"}]}},"_links":{"self":[{"href":"https:\/\/duomo-milan-tilckets.com\/de\/wp-json\/wp\/v2\/pages\/543","targetHints":{"allow":["GET"]}}],"collection":[{"href":"https:\/\/duomo-milan-tilckets.com\/de\/wp-json\/wp\/v2\/pages"}],"about":[{"href":"https:\/\/duomo-milan-tilckets.com\/de\/wp-json\/wp\/v2\/types\/page"}],"author":[{"embeddable":true,"href":"https:\/\/duomo-milan-tilckets.com\/de\/wp-json\/wp\/v2\/users\/3"}],"replies":[{"embeddable":true,"href":"https:\/\/duomo-milan-tilckets.com\/de\/wp-json\/wp\/v2\/comments?post=543"}],"version-history":[{"count":162,"href":"https:\/\/duomo-milan-tilckets.com\/de\/wp-json\/wp\/v2\/pages\/543\/revisions"}],"predecessor-version":[{"id":4326,"href":"https:\/\/duomo-milan-tilckets.com\/de\/wp-json\/wp\/v2\/pages\/543\/revisions\/4326"}],"wp:featuredmedia":[{"embeddable":true,"href":"https:\/\/duomo-milan-tilckets.com\/de\/wp-json\/wp\/v2\/media\/1690"}],"wp:attachment":[{"href":"https:\/\/duomo-milan-tilckets.com\/de\/wp-json\/wp\/v2\/media?parent=543"}],"curies":[{"name":"wp","href":"https:\/\/api.w.org\/{rel}","templated":true}]}}